{"id":10,"date":"2015-12-21T11:32:56","date_gmt":"2015-12-21T10:32:56","guid":{"rendered":"https:\/\/www.eldora-traiteur.ch\/?page_id=10"},"modified":"2017-03-17T16:00:43","modified_gmt":"2017-03-17T15:00:43","slug":"la-fete-sur-mesure","status":"publish","type":"page","link":"https:\/\/www.eldora-traiteur.ch\/fr\/presentation\/la-fete-sur-mesure\/","title":{"rendered":"La f\u00eate sur mesure"},"content":{"rendered":"<p>Offrir originalit\u00e9, cr\u00e9ativit\u00e9 et raffinement \u00e0 chacune de nos r\u00e9ceptions, tel est notre engagement quotidien pour d\u00e9passer vos attentes et s\u00e9duire vos invit\u00e9s. Pour ce faire, nos talentueux chefs de cuisine vous proposent une vaste s\u00e9lection de prestations culinaires, toutes personnalis\u00e9es \u00e0 chaque nouvel \u00e9v\u00e9nement.<\/p>\n<p>Conform\u00e9ment \u00e0 l\u2019esprit d\u2019excellence qui nous anime, nos \u00e9quipes de professionnels s\u2019emploient \u00e0 pr\u00e9parer une v\u00e9ritable f\u00eate o\u00f9 se conjuguent harmonieusement la beaut\u00e9 du site, un service attentionn\u00e9 et discret et une cuisine d\u00e9licate et savoureuse, \u00e9labor\u00e9e avec des produits locaux et de saison. Chez Eldora Traiteur, nous savons \u00e0 quel point chaque \u00e9v\u00e9nement est unique et m\u00e9rite une approche personnalis\u00e9e.<\/p>\n<p>&nbsp;<\/p>\n<div class=\"col-sm-12 sepaimgsens\">\n<div class=\"col-sm-4\"><img decoding=\"async\" class=\"img-circle\" src=\"https:\/\/www.eldora-traiteur.ch\/wp-content\/uploads\/2016\/01\/MG_8207.jpg\" alt=\"L'EXPERTISE DE NOS CHEFS \u00c0 VOTRE SERVICE\"><\/div>\n<div class=\"col-sm-4\"><img decoding=\"async\" class=\"img-circle\" src=\"https:\/\/www.eldora-traiteur.ch\/wp-content\/uploads\/2016\/01\/MG_8212.jpg\" alt=\"L'EXPERTISE DE NOS CHEFS \u00c0 VOTRE SERVICE\"><\/div>\n<div class=\"col-sm-4\"><img decoding=\"async\" class=\"img-circle\" src=\"https:\/\/www.eldora-traiteur.ch\/wp-content\/uploads\/2016\/01\/MG_8217.jpg\" alt=\"L'EXPERTISE DE NOS CHEFS \u00c0 VOTRE SERVICE\"><\/div>\n<\/div>\n<div class=\"clearfix\" style=\"margin-bottom: 35px;\">&nbsp;<\/div>\n<p>L\u2019organisation d\u2019une manifestation d\u00e9bute toujours par une rencontre avec notre service commercial pour, et avant toute chose, \u00e9changer des id\u00e9es dans le but de concevoir une mise en sc\u00e8ne soign\u00e9e et \u00e9l\u00e9gante de votre \u00e9v\u00e9nement. Elle se poursuit par l\u2019\u00e9laboration d\u2019une offre culinaire qui r\u00e9pond parfaitement \u00e0 vos attentes et \u00e0 votre budget, compl\u00e9t\u00e9e par des suggestions de d\u00e9coration. Chez Eldora Traiteur nous ne laissons aucune place \u00e0 l\u2019improvisation ; tout est parfaitement orchestr\u00e9 !<\/p>\n<p>&nbsp;<\/p>\n<div class=\"col-sm-12 sepaimgsens\">\n<div class=\"col-sm-4\"><img decoding=\"async\" class=\"img-circle\" src=\"https:\/\/www.eldora-traiteur.ch\/wp-content\/uploads\/2016\/01\/MG_8255.jpg\" alt=\"L'EXPERTISE DE NOS CHEFS \u00c0 VOTRE SERVICE\"><\/div>\n<div class=\"col-sm-4\"><img decoding=\"async\" class=\"img-circle\" src=\"https:\/\/www.eldora-traiteur.ch\/wp-content\/uploads\/2016\/01\/MG_8280.jpg\" alt=\"L'EXPERTISE DE NOS CHEFS \u00c0 VOTRE SERVICE\"><\/div>\n<div class=\"col-sm-4\"><img decoding=\"async\" class=\"img-circle\" src=\"https:\/\/www.eldora-traiteur.ch\/wp-content\/uploads\/2016\/01\/MG_8341-2.jpg \" alt=\"L'EXPERTISE DE NOS CHEFS \u00c0 VOTRE SERVICE\"><\/div>\n<\/div>\n<div class=\"clearfix\" style=\"margin-bottom: 35px;\">&nbsp;<\/div>\n<p>Qu\u2019importe la taille de votre \u00e9v\u00e9nement et le site retenu, Eldora Traiteur mettra l\u2019ensemble de ses comp\u00e9tences \u00e0 disposition afin de faire voyager vos invit\u00e9s dans l\u2019univers de l\u2019art culinaire et de la f\u00eate sur mesure.<\/p>\n<p>Bienvenue dans notre univers d\u2019excellence !<\/p>\n<div class=\"clearfix\">&nbsp;<\/div>\n<p><span style=\"border-radius: 2px; text-indent: 20px; width: auto; padding: 0px 4px 0px 0px; text-align: center; font: bold 11px\/20px 'Helvetica Neue',Helvetica,sans-serif; color: #ffffff; background: #bd081c no-repeat scroll 3px 50% \/ 14px 14px; position: absolute; opacity: 1; z-index: 8675309; display: none; cursor: pointer;\">Enregistrer<\/span><\/p>\n<p><span style=\"border-radius: 2px; text-indent: 20px; width: auto; padding: 0px 4px 0px 0px; text-align: center; font: bold 11px\/20px 'Helvetica Neue',Helvetica,sans-serif; color: #ffffff; background: #bd081c no-repeat scroll 3px 50% \/ 14px 14px; position: absolute; opacity: 1; z-index: 8675309; display: none; cursor: pointer; top: 2948px; left: 20px;\">Enregistrer<\/span><\/p>\n","protected":false},"excerpt":{"rendered":"<p>Offrir originalit\u00e9, cr\u00e9ativit\u00e9 et raffinement \u00e0 chacune de nos r\u00e9ceptions, tel est notre engagement quotidien pour d\u00e9passer vos attentes et s\u00e9duire vos invit\u00e9s. Pour ce faire, nos talentueux chefs de cuisine vous proposent une vaste s\u00e9lection de prestations culinaires, toutes personnalis\u00e9es \u00e0 chaque nouvel \u00e9v\u00e9nement. Conform\u00e9ment \u00e0 l\u2019esprit d\u2019excellence qui nous anime, nos \u00e9quipes de [&hellip;]<\/p>\n","protected":false},"author":1,"featured_media":0,"parent":8,"menu_order":0,"comment_status":"closed","ping_status":"closed","template":"","meta":{"_acf_changed":false,"ngg_post_thumbnail":0,"footnotes":""},"class_list":["post-10","page","type-page","status-publish","hentry"],"acf":[],"_links":{"self":[{"href":"https:\/\/www.eldora-traiteur.ch\/fr\/wp-json\/wp\/v2\/pages\/10\/"}],"collection":[{"href":"https:\/\/www.eldora-traiteur.ch\/fr\/wp-json\/wp\/v2\/pages\/"}],"about":[{"href":"https:\/\/www.eldora-traiteur.ch\/fr\/wp-json\/wp\/v2\/types\/page\/"}],"author":[{"embeddable":true,"href":"https:\/\/www.eldora-traiteur.ch\/fr\/wp-json\/wp\/v2\/users\/1\/"}],"replies":[{"embeddable":true,"href":"https:\/\/www.eldora-traiteur.ch\/fr\/wp-json\/wp\/v2\/comments\/?post=10"}],"version-history":[{"count":20,"href":"https:\/\/www.eldora-traiteur.ch\/fr\/wp-json\/wp\/v2\/pages\/10\/revisions\/"}],"predecessor-version":[{"id":2251,"href":"https:\/\/www.eldora-traiteur.ch\/fr\/wp-json\/wp\/v2\/pages\/10\/revisions\/2251\/"}],"up":[{"embeddable":true,"href":"https:\/\/www.eldora-traiteur.ch\/fr\/wp-json\/wp\/v2\/pages\/8\/"}],"wp:attachment":[{"href":"https:\/\/www.eldora-traiteur.ch\/fr\/wp-json\/wp\/v2\/media\/?parent=10"}],"curies":[{"name":"wp","href":"https:\/\/api.w.org\/{rel}","templated":true}]}}