{"id":2316,"date":"2017-12-14T10:10:40","date_gmt":"2017-12-14T09:10:40","guid":{"rendered":"https:\/\/www.eldora-traiteur.ch\/?page_id=2316"},"modified":"2017-12-14T10:43:50","modified_gmt":"2017-12-14T09:43:50","slug":"le-sens-digital","status":"publish","type":"page","link":"https:\/\/www.eldora-traiteur.ch\/fr\/le-sens-digital\/","title":{"rendered":"Le sens digital"},"content":{"rendered":"<p style=\"text-align: center;\">Afin de personnaliser encore plus chaque \u00e9v\u00e9nement, six tables digitales munies d&rsquo;\u00e9crans sont \u00e0 disposition de ses clients. Elles permettent de projeter en dessous des pi\u00e8ces et prestations, un logo, une image ou une vid\u00e9o. Le personnel de service dispose de 20 tablettes munies d&rsquo;un \u00e9cran de 10&prime; reproduisant \u00e0 l&rsquo;identique les visuels.<\/p>\n<p style=\"text-align: center;\">Par ces deux supports digitaux, Eldora Traiteur SA offre une nouvelle exp\u00e9rience culinaire mais surtout visuelle pour le plus grand plaisir des convives.<\/p>\n<div class=\"col-sm-12 sepaimgsens\">\n<div class=\"col-sm-4\"><img decoding=\"async\" class=\"img-circle\" src=\"https:\/\/www.eldora-traiteur.ch\/wp-content\/uploads\/2017\/12\/table-01.jpg\" alt=\"...\"><\/div>\n<div class=\"col-sm-4\"><img decoding=\"async\" class=\"img-circle\" src=\"https:\/\/www.eldora-traiteur.ch\/wp-content\/uploads\/2017\/12\/table-00.jpg\" alt=\"...\"><\/div>\n<div class=\"col-sm-4\"><img decoding=\"async\" class=\"img-circle\" src=\"https:\/\/www.eldora-traiteur.ch\/wp-content\/uploads\/2017\/12\/table-03.jpg\" alt=\"...\"><\/div>\n<\/div>\n<div class=\"clearfix\">&nbsp;<\/div>\n","protected":false},"excerpt":{"rendered":"<p>Afin de personnaliser encore plus chaque \u00e9v\u00e9nement, six tables digitales munies d&rsquo;\u00e9crans sont \u00e0 disposition de ses clients. Elles permettent de projeter en dessous des pi\u00e8ces et prestations, un logo, une image ou une vid\u00e9o. Le personnel de service dispose de 20 tablettes munies d&rsquo;un \u00e9cran de 10&prime; reproduisant \u00e0 l&rsquo;identique les visuels. Par ces [&hellip;]<\/p>\n","protected":false},"author":2,"featured_media":0,"parent":0,"menu_order":0,"comment_status":"closed","ping_status":"closed","template":"","meta":{"_acf_changed":false,"ngg_post_thumbnail":0,"footnotes":""},"class_list":["post-2316","page","type-page","status-publish","hentry"],"acf":[],"_links":{"self":[{"href":"https:\/\/www.eldora-traiteur.ch\/fr\/wp-json\/wp\/v2\/pages\/2316\/"}],"collection":[{"href":"https:\/\/www.eldora-traiteur.ch\/fr\/wp-json\/wp\/v2\/pages\/"}],"about":[{"href":"https:\/\/www.eldora-traiteur.ch\/fr\/wp-json\/wp\/v2\/types\/page\/"}],"author":[{"embeddable":true,"href":"https:\/\/www.eldora-traiteur.ch\/fr\/wp-json\/wp\/v2\/users\/2\/"}],"replies":[{"embeddable":true,"href":"https:\/\/www.eldora-traiteur.ch\/fr\/wp-json\/wp\/v2\/comments\/?post=2316"}],"version-history":[{"count":4,"href":"https:\/\/www.eldora-traiteur.ch\/fr\/wp-json\/wp\/v2\/pages\/2316\/revisions\/"}],"predecessor-version":[{"id":2334,"href":"https:\/\/www.eldora-traiteur.ch\/fr\/wp-json\/wp\/v2\/pages\/2316\/revisions\/2334\/"}],"wp:attachment":[{"href":"https:\/\/www.eldora-traiteur.ch\/fr\/wp-json\/wp\/v2\/media\/?parent=2316"}],"curies":[{"name":"wp","href":"https:\/\/api.w.org\/{rel}","templated":true}]}}