{"id":26,"date":"2015-12-21T11:36:11","date_gmt":"2015-12-21T10:36:11","guid":{"rendered":"https:\/\/www.eldora-traiteur.ch\/?page_id=26"},"modified":"2017-02-13T18:06:56","modified_gmt":"2017-02-13T17:06:56","slug":"evenement-dun-jour","status":"publish","type":"page","link":"https:\/\/www.eldora-traiteur.ch\/fr\/evenements-professionnels\/evenement-dun-jour\/","title":{"rendered":"\u00c9v\u00e9nements d\u2019un jour"},"content":{"rendered":"<p style=\"text-align: center;\">La pr\u00e9sentation d\u2019un nouveau produit ou la communication d\u2019un message fort requi\u00e8rent souvent une mise en sc\u00e8ne qui marquera, en quelques heures, les esprits des invit\u00e9s. Pour ce faire, Eldora Traiteur mobilisera toute son \u00e9quipe pour qu\u2019un tel \u00e9v\u00e9nement refl\u00e8te parfaitement l\u2019image et les valeurs de votre entreprise.<\/p>\n<div class=\"col-sm-12 sepaimgsens\">\n<div class=\"col-sm-4\"><img decoding=\"async\" class=\"img-circle\" src=\"https:\/\/www.eldora-traiteur.ch\/wp-content\/uploads\/2016\/01\/jour01.jpg\" alt=\"...\"><\/div>\n<div class=\"col-sm-4\"><img decoding=\"async\" class=\"img-circle\" src=\"https:\/\/www.eldora-traiteur.ch\/wp-content\/uploads\/2016\/01\/jour02.jpg\" alt=\"...\"><\/div>\n<div class=\"col-sm-4\"><img decoding=\"async\" class=\"img-circle\" src=\"https:\/\/www.eldora-traiteur.ch\/wp-content\/uploads\/2016\/01\/jour03.jpg\" alt=\"...\"><\/div>\n<\/div>\n<div class=\"clearfix\">&nbsp;<\/div>\n<p><span style=\"border-radius: 2px; text-indent: 20px; width: auto; padding: 0px 4px 0px 0px; text-align: center; font: bold 11px\/20px 'Helvetica Neue',Helvetica,sans-serif; color: #ffffff; background: #bd081c no-repeat scroll 3px 50% \/ 14px 14px; position: absolute; opacity: 1; z-index: 8675309; display: none; cursor: pointer;\">Enregistrer<\/span><\/p>\n<p><span style=\"border-radius: 2px; text-indent: 20px; width: auto; padding: 0px 4px 0px 0px; text-align: center; font: bold 11px\/20px 'Helvetica Neue',Helvetica,sans-serif; color: #ffffff; background: #bd081c  no-repeat scroll 3px 50% \/ 14px 14px; position: absolute; opacity: 1; z-index: 8675309; display: none; cursor: pointer;\">Enregistrer<\/span><\/p>\n","protected":false},"excerpt":{"rendered":"<p>La pr\u00e9sentation d\u2019un nouveau produit ou la communication d\u2019un message fort requi\u00e8rent souvent une mise en sc\u00e8ne qui marquera, en quelques heures, les esprits des invit\u00e9s. Pour ce faire, Eldora Traiteur mobilisera toute son \u00e9quipe pour qu\u2019un tel \u00e9v\u00e9nement refl\u00e8te parfaitement l\u2019image et les valeurs de votre entreprise. &nbsp; Enregistrer Enregistrer<\/p>\n","protected":false},"author":1,"featured_media":0,"parent":22,"menu_order":1,"comment_status":"closed","ping_status":"closed","template":"","meta":{"_acf_changed":false,"ngg_post_thumbnail":0,"footnotes":""},"class_list":["post-26","page","type-page","status-publish","hentry"],"acf":[],"_links":{"self":[{"href":"https:\/\/www.eldora-traiteur.ch\/fr\/wp-json\/wp\/v2\/pages\/26\/"}],"collection":[{"href":"https:\/\/www.eldora-traiteur.ch\/fr\/wp-json\/wp\/v2\/pages\/"}],"about":[{"href":"https:\/\/www.eldora-traiteur.ch\/fr\/wp-json\/wp\/v2\/types\/page\/"}],"author":[{"embeddable":true,"href":"https:\/\/www.eldora-traiteur.ch\/fr\/wp-json\/wp\/v2\/users\/1\/"}],"replies":[{"embeddable":true,"href":"https:\/\/www.eldora-traiteur.ch\/fr\/wp-json\/wp\/v2\/comments\/?post=26"}],"version-history":[{"count":8,"href":"https:\/\/www.eldora-traiteur.ch\/fr\/wp-json\/wp\/v2\/pages\/26\/revisions\/"}],"predecessor-version":[{"id":2172,"href":"https:\/\/www.eldora-traiteur.ch\/fr\/wp-json\/wp\/v2\/pages\/26\/revisions\/2172\/"}],"up":[{"embeddable":true,"href":"https:\/\/www.eldora-traiteur.ch\/fr\/wp-json\/wp\/v2\/pages\/22\/"}],"wp:attachment":[{"href":"https:\/\/www.eldora-traiteur.ch\/fr\/wp-json\/wp\/v2\/media\/?parent=26"}],"curies":[{"name":"wp","href":"https:\/\/api.w.org\/{rel}","templated":true}]}}