{"id":41,"date":"2015-12-21T11:39:06","date_gmt":"2015-12-21T10:39:06","guid":{"rendered":"https:\/\/www.eldora-traiteur.ch\/?page_id=41"},"modified":"2017-02-13T18:06:41","modified_gmt":"2017-02-13T17:06:41","slug":"mariages-et-banquets","status":"publish","type":"page","link":"https:\/\/www.eldora-traiteur.ch\/fr\/evenements-prives\/mariages-et-banquets\/","title":{"rendered":"Mariages et banquets"},"content":{"rendered":"<p style=\"text-align: center;\">Faire de votre f\u00eate un instant unique et inoubliable, offrir un cadre exclusif et des prestations culinaires \u00e0 la hauteur de l\u2019\u00e9v\u00e9nement, \u00eatre au service de vos invit\u00e9s, sont quelques-uns des engagements d\u2019Eldora Traiteur pour assurer le parfait d\u00e9roulement de votre \u00e9v\u00e9nement festif.<\/p>\n<div class=\"col-sm-12 sepaimgsens\">\n<div class=\"col-sm-4\"><img decoding=\"async\" class=\"img-circle\" src=\"https:\/\/www.eldora-traiteur.ch\/wp-content\/uploads\/2016\/01\/mariage01.jpg\" alt=\"...\"><\/div>\n<div class=\"col-sm-4\"><img decoding=\"async\" class=\"img-circle\" src=\"https:\/\/www.eldora-traiteur.ch\/wp-content\/uploads\/2016\/01\/mariage02.jpg\" alt=\"...\"><\/div>\n<div class=\"col-sm-4\"><img decoding=\"async\" class=\"img-circle\" src=\"https:\/\/www.eldora-traiteur.ch\/wp-content\/uploads\/2016\/01\/mariage03.jpg\" alt=\"...\"><\/div>\n<\/div>\n<div class=\"clearfix\">&nbsp;<\/div>\n<p><span style=\"border-radius: 2px; text-indent: 20px; width: auto; padding: 0px 4px 0px 0px; text-align: center; font: bold 11px\/20px 'Helvetica Neue',Helvetica,sans-serif; color: #ffffff; background: #bd081c no-repeat scroll 3px 50% \/ 14px 14px; position: absolute; opacity: 1; z-index: 8675309; display: none; cursor: pointer;\">Enregistrer<\/span><\/p>\n<p><span style=\"border-radius: 2px; text-indent: 20px; width: auto; padding: 0px 4px 0px 0px; text-align: center; font: bold 11px\/20px 'Helvetica Neue',Helvetica,sans-serif; color: #ffffff; background: #bd081c  no-repeat scroll 3px 50% \/ 14px 14px; position: absolute; opacity: 1; z-index: 8675309; display: none; cursor: pointer;\">Enregistrer<\/span><\/p>\n","protected":false},"excerpt":{"rendered":"<p>Faire de votre f\u00eate un instant unique et inoubliable, offrir un cadre exclusif et des prestations culinaires \u00e0 la hauteur de l\u2019\u00e9v\u00e9nement, \u00eatre au service de vos invit\u00e9s, sont quelques-uns des engagements d\u2019Eldora Traiteur pour assurer le parfait d\u00e9roulement de votre \u00e9v\u00e9nement festif. &nbsp; Enregistrer Enregistrer<\/p>\n","protected":false},"author":1,"featured_media":0,"parent":39,"menu_order":0,"comment_status":"closed","ping_status":"closed","template":"","meta":{"_acf_changed":false,"ngg_post_thumbnail":0,"footnotes":""},"class_list":["post-41","page","type-page","status-publish","hentry"],"acf":[],"_links":{"self":[{"href":"https:\/\/www.eldora-traiteur.ch\/fr\/wp-json\/wp\/v2\/pages\/41\/"}],"collection":[{"href":"https:\/\/www.eldora-traiteur.ch\/fr\/wp-json\/wp\/v2\/pages\/"}],"about":[{"href":"https:\/\/www.eldora-traiteur.ch\/fr\/wp-json\/wp\/v2\/types\/page\/"}],"author":[{"embeddable":true,"href":"https:\/\/www.eldora-traiteur.ch\/fr\/wp-json\/wp\/v2\/users\/1\/"}],"replies":[{"embeddable":true,"href":"https:\/\/www.eldora-traiteur.ch\/fr\/wp-json\/wp\/v2\/comments\/?post=41"}],"version-history":[{"count":8,"href":"https:\/\/www.eldora-traiteur.ch\/fr\/wp-json\/wp\/v2\/pages\/41\/revisions\/"}],"predecessor-version":[{"id":2171,"href":"https:\/\/www.eldora-traiteur.ch\/fr\/wp-json\/wp\/v2\/pages\/41\/revisions\/2171\/"}],"up":[{"embeddable":true,"href":"https:\/\/www.eldora-traiteur.ch\/fr\/wp-json\/wp\/v2\/pages\/39\/"}],"wp:attachment":[{"href":"https:\/\/www.eldora-traiteur.ch\/fr\/wp-json\/wp\/v2\/media\/?parent=41"}],"curies":[{"name":"wp","href":"https:\/\/api.w.org\/{rel}","templated":true}]}}