{"id":43,"date":"2015-12-21T11:39:24","date_gmt":"2015-12-21T10:39:24","guid":{"rendered":"https:\/\/www.eldora-traiteur.ch\/?page_id=43"},"modified":"2017-02-24T16:47:30","modified_gmt":"2017-02-24T15:47:30","slug":"diners-prives","status":"publish","type":"page","link":"https:\/\/www.eldora-traiteur.ch\/fr\/evenements-prives\/diners-prives\/","title":{"rendered":"D\u00eeners priv\u00e9s"},"content":{"rendered":"<p style=\"text-align: center;\">Souhaitez-vous marquer un temps fort de votre vie professionnelle ou priv\u00e9e et inviter quelques amis \u00e0 partager un moment d\u2019exception \u00e0 votre domicile ? Eldora Traiteur s\u2019invitera alors dans votre cuisine afin de pr\u00e9parer un repas d\u00e9licat qui restera grav\u00e9 dans la m\u00e9moire de vos invit\u00e9s.<\/p>\n<div class=\"col-sm-12 sepaimgsens\">\n<div class=\"col-sm-4\"><img decoding=\"async\" class=\"img-circle\" src=\"https:\/\/www.eldora-traiteur.ch\/wp-content\/uploads\/2016\/01\/prive01.jpg\" alt=\"...\"><\/div>\n<div class=\"col-sm-4\"><img decoding=\"async\" class=\"img-circle\" src=\"https:\/\/www.eldora-traiteur.ch\/wp-content\/uploads\/2016\/01\/prive02.jpg\" alt=\"...\"><\/div>\n<div class=\"col-sm-4\"><img decoding=\"async\" class=\"img-circle\" src=\"https:\/\/www.eldora-traiteur.ch\/wp-content\/uploads\/2016\/01\/prive03.jpg\" alt=\"...\"><\/div>\n<\/div>\n<div class=\"clearfix\">&nbsp;<\/div>\n<p><span style=\"border-radius: 2px; text-indent: 20px; width: auto; padding: 0px 4px 0px 0px; text-align: center; font: bold 11px\/20px 'Helvetica Neue',Helvetica,sans-serif; color: #ffffff; background: #bd081c no-repeat scroll 3px 50% \/ 14px 14px; position: absolute; opacity: 1; z-index: 8675309; display: none; cursor: pointer; top: 100px; left: 20px;\">Enregistrer<\/span><\/p>\n","protected":false},"excerpt":{"rendered":"<p>Souhaitez-vous marquer un temps fort de votre vie professionnelle ou priv\u00e9e et inviter quelques amis \u00e0 partager un moment d\u2019exception \u00e0 votre domicile ? Eldora Traiteur s\u2019invitera alors dans votre cuisine afin de pr\u00e9parer un repas d\u00e9licat qui restera grav\u00e9 dans la m\u00e9moire de vos invit\u00e9s. &nbsp; Enregistrer<\/p>\n","protected":false},"author":1,"featured_media":0,"parent":39,"menu_order":1,"comment_status":"closed","ping_status":"closed","template":"","meta":{"_acf_changed":false,"ngg_post_thumbnail":0,"footnotes":""},"class_list":["post-43","page","type-page","status-publish","hentry"],"acf":[],"_links":{"self":[{"href":"https:\/\/www.eldora-traiteur.ch\/fr\/wp-json\/wp\/v2\/pages\/43\/"}],"collection":[{"href":"https:\/\/www.eldora-traiteur.ch\/fr\/wp-json\/wp\/v2\/pages\/"}],"about":[{"href":"https:\/\/www.eldora-traiteur.ch\/fr\/wp-json\/wp\/v2\/types\/page\/"}],"author":[{"embeddable":true,"href":"https:\/\/www.eldora-traiteur.ch\/fr\/wp-json\/wp\/v2\/users\/1\/"}],"replies":[{"embeddable":true,"href":"https:\/\/www.eldora-traiteur.ch\/fr\/wp-json\/wp\/v2\/comments\/?post=43"}],"version-history":[{"count":8,"href":"https:\/\/www.eldora-traiteur.ch\/fr\/wp-json\/wp\/v2\/pages\/43\/revisions\/"}],"predecessor-version":[{"id":2135,"href":"https:\/\/www.eldora-traiteur.ch\/fr\/wp-json\/wp\/v2\/pages\/43\/revisions\/2135\/"}],"up":[{"embeddable":true,"href":"https:\/\/www.eldora-traiteur.ch\/fr\/wp-json\/wp\/v2\/pages\/39\/"}],"wp:attachment":[{"href":"https:\/\/www.eldora-traiteur.ch\/fr\/wp-json\/wp\/v2\/media\/?parent=43"}],"curies":[{"name":"wp","href":"https:\/\/api.w.org\/{rel}","templated":true}]}}