{"id":741,"date":"2016-01-05T10:16:48","date_gmt":"2016-01-05T09:16:48","guid":{"rendered":"https:\/\/www.eldora-traiteur.ch\/?page_id=741"},"modified":"2017-02-13T09:46:01","modified_gmt":"2017-02-13T08:46:01","slug":"le-sens-des-produits","status":"publish","type":"page","link":"https:\/\/www.eldora-traiteur.ch\/fr\/presentation\/le-sens-des-produits\/","title":{"rendered":"Le sens des produits"},"content":{"rendered":"<p style=\"text-align: center;\">Le choix des produits tient une place pr\u00e9pond\u00e9rante dans l\u2019\u00e9laboration de chacune de nos recettes. Pour ce faire, nous veillons \u00e0 s\u00e9lectionner les meilleurs fournisseurs romands afin qu\u2019ils puissent nous livrer, en tout temps, des marchandises de grande qualit\u00e9. Seules les denr\u00e9es les plus nobles et de qualit\u00e9 ont leur place dans nos cuisines.<\/p>\n<div class=\"col-sm-12 sepaimgsens\">\n<div class=\"col-sm-4\"><img decoding=\"async\" class=\"img-circle\" src=\"https:\/\/www.eldora-traiteur.ch\/wp-content\/uploads\/2016\/01\/IMG_Home1-1.jpg\" alt=\"...\"><\/div>\n<div class=\"col-sm-4\"><img decoding=\"async\" class=\"img-circle\" src=\"https:\/\/www.eldora-traiteur.ch\/wp-content\/uploads\/2016\/01\/IMG_Home5.jpg\" alt=\"...\"><\/div>\n<div class=\"col-sm-4\"><img decoding=\"async\" class=\"img-circle\" src=\"https:\/\/www.eldora-traiteur.ch\/wp-content\/uploads\/2016\/01\/IMG_Home6.jpg\" alt=\"...\"><\/div>\n<\/div>\n<div class=\"clearfix\">&nbsp;<\/div>\n<p><span style=\"border-radius: 2px; text-indent: 20px; width: auto; padding: 0px 4px 0px 0px; text-align: center; font: bold 11px\/20px 'Helvetica Neue',Helvetica,sans-serif; color: #ffffff; background: #bd081c  no-repeat scroll 3px 50% \/ 14px 14px; position: absolute; opacity: 1; z-index: 8675309; display: none; cursor: pointer; top: 100px; left: 20px;\">Enregistrer<\/span><\/p>\n","protected":false},"excerpt":{"rendered":"<p>Le choix des produits tient une place pr\u00e9pond\u00e9rante dans l\u2019\u00e9laboration de chacune de nos recettes. Pour ce faire, nous veillons \u00e0 s\u00e9lectionner les meilleurs fournisseurs romands afin qu\u2019ils puissent nous livrer, en tout temps, des marchandises de grande qualit\u00e9. Seules les denr\u00e9es les plus nobles et de qualit\u00e9 ont leur place dans nos cuisines. &nbsp; [&hellip;]<\/p>\n","protected":false},"author":2,"featured_media":0,"parent":8,"menu_order":0,"comment_status":"closed","ping_status":"closed","template":"","meta":{"_acf_changed":false,"ngg_post_thumbnail":0,"footnotes":""},"class_list":["post-741","page","type-page","status-publish","hentry"],"acf":[],"_links":{"self":[{"href":"https:\/\/www.eldora-traiteur.ch\/fr\/wp-json\/wp\/v2\/pages\/741\/"}],"collection":[{"href":"https:\/\/www.eldora-traiteur.ch\/fr\/wp-json\/wp\/v2\/pages\/"}],"about":[{"href":"https:\/\/www.eldora-traiteur.ch\/fr\/wp-json\/wp\/v2\/types\/page\/"}],"author":[{"embeddable":true,"href":"https:\/\/www.eldora-traiteur.ch\/fr\/wp-json\/wp\/v2\/users\/2\/"}],"replies":[{"embeddable":true,"href":"https:\/\/www.eldora-traiteur.ch\/fr\/wp-json\/wp\/v2\/comments\/?post=741"}],"version-history":[{"count":13,"href":"https:\/\/www.eldora-traiteur.ch\/fr\/wp-json\/wp\/v2\/pages\/741\/revisions\/"}],"predecessor-version":[{"id":2125,"href":"https:\/\/www.eldora-traiteur.ch\/fr\/wp-json\/wp\/v2\/pages\/741\/revisions\/2125\/"}],"up":[{"embeddable":true,"href":"https:\/\/www.eldora-traiteur.ch\/fr\/wp-json\/wp\/v2\/pages\/8\/"}],"wp:attachment":[{"href":"https:\/\/www.eldora-traiteur.ch\/fr\/wp-json\/wp\/v2\/media\/?parent=741"}],"curies":[{"name":"wp","href":"https:\/\/api.w.org\/{rel}","templated":true}]}}