{"id":743,"date":"2016-01-05T10:17:20","date_gmt":"2016-01-05T09:17:20","guid":{"rendered":"https:\/\/www.eldora-traiteur.ch\/?page_id=743"},"modified":"2017-02-13T09:46:43","modified_gmt":"2017-02-13T08:46:43","slug":"le-sens-des-saveurs","status":"publish","type":"page","link":"https:\/\/www.eldora-traiteur.ch\/fr\/presentation\/le-sens-des-saveurs\/","title":{"rendered":"Le sens des saveurs"},"content":{"rendered":"<p style=\"text-align: center;\">Sans cesse renouvel\u00e9e, la cr\u00e9ativit\u00e9 de nos chefs de cuisine vous fera d\u00e9couvrir des saveurs insoup\u00e7onn\u00e9es. Alli\u00e9e \u00e0 la saisonnalit\u00e9 des produits, la recherche d\u2019associations gustatives in\u00e9dites et originales motive nos chefs de cuisine \u00e0 \u00e9laborer des mets d\u2019une grande finesse.<\/p>\n<div class=\"col-sm-12 sepaimgsens\">\n<div class=\"col-sm-4\"><img decoding=\"async\" class=\"img-circle\" src=\"https:\/\/www.eldora-traiteur.ch\/wp-content\/uploads\/2016\/01\/saveur1.jpg\" alt=\"...\"><\/div>\n<div class=\"col-sm-4\"><img decoding=\"async\" class=\"img-circle\" src=\"https:\/\/www.eldora-traiteur.ch\/wp-content\/uploads\/2016\/01\/saveur2.jpg\" alt=\"...\"><\/div>\n<div class=\"col-sm-4\"><img decoding=\"async\" class=\"img-circle\" src=\"https:\/\/www.eldora-traiteur.ch\/wp-content\/uploads\/2016\/01\/saveur3.jpg\" alt=\"...\"><\/div>\n<\/div>\n<div class=\"clearfix\">&nbsp;<\/div>\n<p><span style=\"border-radius: 2px; text-indent: 20px; width: auto; padding: 0px 4px 0px 0px; text-align: center; font: bold 11px\/20px 'Helvetica Neue',Helvetica,sans-serif; color: #ffffff; background: #bd081c  no-repeat scroll 3px 50% \/ 14px 14px; position: absolute; opacity: 1; z-index: 8675309; display: none; cursor: pointer; top: 100px; left: 20px;\">Enregistrer<\/span><\/p>\n","protected":false},"excerpt":{"rendered":"<p>Sans cesse renouvel\u00e9e, la cr\u00e9ativit\u00e9 de nos chefs de cuisine vous fera d\u00e9couvrir des saveurs insoup\u00e7onn\u00e9es. Alli\u00e9e \u00e0 la saisonnalit\u00e9 des produits, la recherche d\u2019associations gustatives in\u00e9dites et originales motive nos chefs de cuisine \u00e0 \u00e9laborer des mets d\u2019une grande finesse. &nbsp; Enregistrer<\/p>\n","protected":false},"author":2,"featured_media":0,"parent":8,"menu_order":0,"comment_status":"closed","ping_status":"closed","template":"","meta":{"_acf_changed":false,"ngg_post_thumbnail":0,"footnotes":""},"class_list":["post-743","page","type-page","status-publish","hentry"],"acf":[],"_links":{"self":[{"href":"https:\/\/www.eldora-traiteur.ch\/fr\/wp-json\/wp\/v2\/pages\/743\/"}],"collection":[{"href":"https:\/\/www.eldora-traiteur.ch\/fr\/wp-json\/wp\/v2\/pages\/"}],"about":[{"href":"https:\/\/www.eldora-traiteur.ch\/fr\/wp-json\/wp\/v2\/types\/page\/"}],"author":[{"embeddable":true,"href":"https:\/\/www.eldora-traiteur.ch\/fr\/wp-json\/wp\/v2\/users\/2\/"}],"replies":[{"embeddable":true,"href":"https:\/\/www.eldora-traiteur.ch\/fr\/wp-json\/wp\/v2\/comments\/?post=743"}],"version-history":[{"count":11,"href":"https:\/\/www.eldora-traiteur.ch\/fr\/wp-json\/wp\/v2\/pages\/743\/revisions\/"}],"predecessor-version":[{"id":2126,"href":"https:\/\/www.eldora-traiteur.ch\/fr\/wp-json\/wp\/v2\/pages\/743\/revisions\/2126\/"}],"up":[{"embeddable":true,"href":"https:\/\/www.eldora-traiteur.ch\/fr\/wp-json\/wp\/v2\/pages\/8\/"}],"wp:attachment":[{"href":"https:\/\/www.eldora-traiteur.ch\/fr\/wp-json\/wp\/v2\/media\/?parent=743"}],"curies":[{"name":"wp","href":"https:\/\/api.w.org\/{rel}","templated":true}]}}