{"id":748,"date":"2016-01-05T10:19:26","date_gmt":"2016-01-05T09:19:26","guid":{"rendered":"https:\/\/www.eldora-traiteur.ch\/?page_id=748"},"modified":"2017-02-13T09:48:37","modified_gmt":"2017-02-13T08:48:37","slug":"le-sens-de-lesthetique","status":"publish","type":"page","link":"https:\/\/www.eldora-traiteur.ch\/fr\/presentation\/le-sens-de-lesthetique\/","title":{"rendered":"Le sens de l\u2019esth\u00e9tique"},"content":{"rendered":"<p style=\"text-align: center;\">Que ce soit pour le choix du site de votre \u00e9v\u00e9nement, la d\u00e9coration des lieux, la s\u00e9lection de la vaisselle ou le dressage de l\u2019assiette, Eldora Traiteur soigne les moindres d\u00e9tails afin que chaque manifestation festive devienne un moment inoubliable.<\/p>\n<div class=\"col-sm-12 sepaimgsens\">\n<div class=\"col-sm-4\"><img decoding=\"async\" class=\"img-circle\" src=\"https:\/\/www.eldora-traiteur.ch\/wp-content\/uploads\/2016\/01\/estet01.jpg\" alt=\"...\"><\/div>\n<div class=\"col-sm-4\"><img decoding=\"async\" class=\"img-circle\" src=\"https:\/\/www.eldora-traiteur.ch\/wp-content\/uploads\/2016\/01\/estet02.jpg\" alt=\"...\"><\/div>\n<div class=\"col-sm-4\"><img decoding=\"async\" class=\"img-circle\" src=\"https:\/\/www.eldora-traiteur.ch\/wp-content\/uploads\/2016\/01\/estet03.jpg\" alt=\"...\"><\/div>\n<\/div>\n<div class=\"clearfix\">&nbsp;<\/div>\n<p><span style=\"border-radius: 2px; text-indent: 20px; width: auto; padding: 0px 4px 0px 0px; text-align: center; font: bold 11px\/20px 'Helvetica Neue',Helvetica,sans-serif; color: #ffffff; background: #bd081c  no-repeat scroll 3px 50% \/ 14px 14px; position: absolute; opacity: 1; z-index: 8675309; display: none; cursor: pointer; top: 100px; left: 20px;\">Enregistrer<\/span><\/p>\n","protected":false},"excerpt":{"rendered":"<p>Que ce soit pour le choix du site de votre \u00e9v\u00e9nement, la d\u00e9coration des lieux, la s\u00e9lection de la vaisselle ou le dressage de l\u2019assiette, Eldora Traiteur soigne les moindres d\u00e9tails afin que chaque manifestation festive devienne un moment inoubliable. &nbsp; Enregistrer<\/p>\n","protected":false},"author":2,"featured_media":0,"parent":8,"menu_order":0,"comment_status":"closed","ping_status":"closed","template":"","meta":{"_acf_changed":false,"ngg_post_thumbnail":0,"footnotes":""},"class_list":["post-748","page","type-page","status-publish","hentry"],"acf":[],"_links":{"self":[{"href":"https:\/\/www.eldora-traiteur.ch\/fr\/wp-json\/wp\/v2\/pages\/748\/"}],"collection":[{"href":"https:\/\/www.eldora-traiteur.ch\/fr\/wp-json\/wp\/v2\/pages\/"}],"about":[{"href":"https:\/\/www.eldora-traiteur.ch\/fr\/wp-json\/wp\/v2\/types\/page\/"}],"author":[{"embeddable":true,"href":"https:\/\/www.eldora-traiteur.ch\/fr\/wp-json\/wp\/v2\/users\/2\/"}],"replies":[{"embeddable":true,"href":"https:\/\/www.eldora-traiteur.ch\/fr\/wp-json\/wp\/v2\/comments\/?post=748"}],"version-history":[{"count":13,"href":"https:\/\/www.eldora-traiteur.ch\/fr\/wp-json\/wp\/v2\/pages\/748\/revisions\/"}],"predecessor-version":[{"id":2128,"href":"https:\/\/www.eldora-traiteur.ch\/fr\/wp-json\/wp\/v2\/pages\/748\/revisions\/2128\/"}],"up":[{"embeddable":true,"href":"https:\/\/www.eldora-traiteur.ch\/fr\/wp-json\/wp\/v2\/pages\/8\/"}],"wp:attachment":[{"href":"https:\/\/www.eldora-traiteur.ch\/fr\/wp-json\/wp\/v2\/media\/?parent=748"}],"curies":[{"name":"wp","href":"https:\/\/api.w.org\/{rel}","templated":true}]}}