{"id":750,"date":"2016-01-05T10:20:22","date_gmt":"2016-01-05T09:20:22","guid":{"rendered":"https:\/\/www.eldora-traiteur.ch\/?page_id=750"},"modified":"2019-09-24T11:10:16","modified_gmt":"2019-09-24T09:10:16","slug":"le-sens-du-service","status":"publish","type":"page","link":"https:\/\/www.eldora-traiteur.ch\/fr\/presentation\/le-sens-du-service\/","title":{"rendered":"Le sens du service"},"content":{"rendered":"<p style=\"text-align: center;\">Eldora Traiteur accorde beaucoup d\u2019importance au sens des mots discr\u00e9tion et entregent. Pour ce faire, nous veillons \u00e0 mettre \u00e0 disposition un personnel de service professionnel et discret, garantissant un accueil convivial et personnalis\u00e9.<\/p>\n<div class=\"col-sm-12 sepaimgsens\">\n<div class=\"col-sm-4\"><img decoding=\"async\" class=\"img-circle\" src=\"https:\/\/www.eldora-traiteur.ch\/wp-content\/uploads\/2016\/01\/service01.jpg\" alt=\"...\"><\/div>\n<div class=\"col-sm-4\"><img decoding=\"async\" class=\"img-circle\" src=\"https:\/\/www.eldora-traiteur.ch\/wp-content\/uploads\/2016\/01\/service02.jpg\" alt=\"...\"><\/div>\n<div class=\"col-sm-4\"><img decoding=\"async\" class=\"img-circle\" src=\"https:\/\/www.eldora-traiteur.ch\/wp-content\/uploads\/2016\/01\/service03.jpg\" alt=\"...\"><\/div>\n<\/div>\n<div class=\"clearfix\">&nbsp;<\/div>\n","protected":false},"excerpt":{"rendered":"<p>Eldora Traiteur accorde beaucoup d\u2019importance au sens des mots discr\u00e9tion et entregent. Pour ce faire, nous veillons \u00e0 mettre \u00e0 disposition un personnel de service professionnel et discret, garantissant un accueil convivial et personnalis\u00e9. &nbsp;<\/p>\n","protected":false},"author":2,"featured_media":0,"parent":8,"menu_order":0,"comment_status":"closed","ping_status":"closed","template":"","meta":{"_acf_changed":false,"ngg_post_thumbnail":0,"footnotes":""},"class_list":["post-750","page","type-page","status-publish","hentry"],"acf":[],"_links":{"self":[{"href":"https:\/\/www.eldora-traiteur.ch\/fr\/wp-json\/wp\/v2\/pages\/750\/"}],"collection":[{"href":"https:\/\/www.eldora-traiteur.ch\/fr\/wp-json\/wp\/v2\/pages\/"}],"about":[{"href":"https:\/\/www.eldora-traiteur.ch\/fr\/wp-json\/wp\/v2\/types\/page\/"}],"author":[{"embeddable":true,"href":"https:\/\/www.eldora-traiteur.ch\/fr\/wp-json\/wp\/v2\/users\/2\/"}],"replies":[{"embeddable":true,"href":"https:\/\/www.eldora-traiteur.ch\/fr\/wp-json\/wp\/v2\/comments\/?post=750"}],"version-history":[{"count":13,"href":"https:\/\/www.eldora-traiteur.ch\/fr\/wp-json\/wp\/v2\/pages\/750\/revisions\/"}],"predecessor-version":[{"id":2557,"href":"https:\/\/www.eldora-traiteur.ch\/fr\/wp-json\/wp\/v2\/pages\/750\/revisions\/2557\/"}],"up":[{"embeddable":true,"href":"https:\/\/www.eldora-traiteur.ch\/fr\/wp-json\/wp\/v2\/pages\/8\/"}],"wp:attachment":[{"href":"https:\/\/www.eldora-traiteur.ch\/fr\/wp-json\/wp\/v2\/media\/?parent=750"}],"curies":[{"name":"wp","href":"https:\/\/api.w.org\/{rel}","templated":true}]}}