{"id":793,"date":"2016-01-05T11:15:58","date_gmt":"2016-01-05T10:15:58","guid":{"rendered":"https:\/\/www.eldora-traiteur.ch\/?page_id=793"},"modified":"2017-02-13T17:59:55","modified_gmt":"2017-02-13T16:59:55","slug":"le-sens-de-laccueil","status":"publish","type":"page","link":"https:\/\/www.eldora-traiteur.ch\/fr\/presentation\/le-sens-de-laccueil\/","title":{"rendered":"Le sens de l\u2019accueil"},"content":{"rendered":"<p style=\"text-align: center;\">Chez Eldora Traiteur, nous veillons \u00e0 faire preuve d\u2019une grande \u00e9coute pour r\u00e9pondre en tout temps aux demandes de nos clients ainsi que pour les conseiller sur les prestations les mieux adapt\u00e9es \u00e0 leur \u00e9v\u00e9nement. Notre service commercial \u00e9laborera dans les meilleurs d\u00e9lais une offre personnalis\u00e9e qui tiendra compte de tous les param\u00e8tres, et plus particuli\u00e8rement ceux inh\u00e9rents \u00e0 la logistique.<\/p>\n<div class=\"col-sm-12 sepaimgsens\">\n<div class=\"col-sm-4\"><img decoding=\"async\" class=\"img-circle\" src=\"https:\/\/www.eldora-traiteur.ch\/wp-content\/uploads\/2016\/01\/accueil01.jpg\" alt=\"...\"><\/div>\n<div class=\"col-sm-4\"><img decoding=\"async\" class=\"img-circle\" src=\"https:\/\/www.eldora-traiteur.ch\/wp-content\/uploads\/2016\/01\/accueil02.jpg\" alt=\"...\"><\/div>\n<div class=\"col-sm-4\"><img decoding=\"async\" class=\"img-circle\" src=\"https:\/\/www.eldora-traiteur.ch\/wp-content\/uploads\/2016\/01\/accueil03.jpg\" alt=\"...\"><\/div>\n<\/div>\n<div class=\"clearfix\">&nbsp;<\/div>\n<p><span style=\"border-radius: 2px; text-indent: 20px; width: auto; padding: 0px 4px 0px 0px; text-align: center; font: bold 11px\/20px 'Helvetica Neue',Helvetica,sans-serif; color: #ffffff; background: #bd081c no-repeat scroll 3px 50% \/ 14px 14px; position: absolute; opacity: 1; z-index: 8675309; display: none; cursor: pointer; top: 124px; left: 20px;\">Enregistrer<\/span><\/p>\n<p><span style=\"border-radius: 2px; text-indent: 20px; width: auto; padding: 0px 4px 0px 0px; text-align: center; font: bold 11px\/20px 'Helvetica Neue',Helvetica,sans-serif; color: #ffffff; background: #bd081c  no-repeat scroll 3px 50% \/ 14px 14px; position: absolute; opacity: 1; z-index: 8675309; display: none; cursor: pointer; top: 124px; left: 20px;\">Enregistrer<\/span><\/p>\n","protected":false},"excerpt":{"rendered":"<p>Chez Eldora Traiteur, nous veillons \u00e0 faire preuve d\u2019une grande \u00e9coute pour r\u00e9pondre en tout temps aux demandes de nos clients ainsi que pour les conseiller sur les prestations les mieux adapt\u00e9es \u00e0 leur \u00e9v\u00e9nement. Notre service commercial \u00e9laborera dans les meilleurs d\u00e9lais une offre personnalis\u00e9e qui tiendra compte de tous les param\u00e8tres, et plus [&hellip;]<\/p>\n","protected":false},"author":2,"featured_media":0,"parent":8,"menu_order":0,"comment_status":"closed","ping_status":"closed","template":"","meta":{"_acf_changed":false,"ngg_post_thumbnail":0,"footnotes":""},"class_list":["post-793","page","type-page","status-publish","hentry"],"acf":[],"_links":{"self":[{"href":"https:\/\/www.eldora-traiteur.ch\/fr\/wp-json\/wp\/v2\/pages\/793\/"}],"collection":[{"href":"https:\/\/www.eldora-traiteur.ch\/fr\/wp-json\/wp\/v2\/pages\/"}],"about":[{"href":"https:\/\/www.eldora-traiteur.ch\/fr\/wp-json\/wp\/v2\/types\/page\/"}],"author":[{"embeddable":true,"href":"https:\/\/www.eldora-traiteur.ch\/fr\/wp-json\/wp\/v2\/users\/2\/"}],"replies":[{"embeddable":true,"href":"https:\/\/www.eldora-traiteur.ch\/fr\/wp-json\/wp\/v2\/comments\/?post=793"}],"version-history":[{"count":12,"href":"https:\/\/www.eldora-traiteur.ch\/fr\/wp-json\/wp\/v2\/pages\/793\/revisions\/"}],"predecessor-version":[{"id":2163,"href":"https:\/\/www.eldora-traiteur.ch\/fr\/wp-json\/wp\/v2\/pages\/793\/revisions\/2163\/"}],"up":[{"embeddable":true,"href":"https:\/\/www.eldora-traiteur.ch\/fr\/wp-json\/wp\/v2\/pages\/8\/"}],"wp:attachment":[{"href":"https:\/\/www.eldora-traiteur.ch\/fr\/wp-json\/wp\/v2\/media\/?parent=793"}],"curies":[{"name":"wp","href":"https:\/\/api.w.org\/{rel}","templated":true}]}}